{"id":188,"date":"2022-07-26T00:49:43","date_gmt":"2022-07-25T21:49:43","guid":{"rendered":"https:\/\/oktayozden.com\/?page_id=188"},"modified":"2026-03-14T17:12:46","modified_gmt":"2026-03-14T14:12:46","slug":"academics","status":"publish","type":"page","link":"https:\/\/oktayozden.com\/?page_id=188","title":{"rendered":"Publications"},"content":{"rendered":"\n<div style=\"height:40px\" aria-hidden=\"true\" class=\"wp-block-spacer\"><\/div>\n\n\n\n<h3 class=\"wp-block-heading\"><strong><em>Articles<\/em><\/strong><\/h3>\n\n\n\n<div style=\"height:20px\" aria-hidden=\"true\" class=\"wp-block-spacer\"><\/div>\n\n\n\n<p>\u00d6zden, O. Bolkol, H.K., Demirel, B. (2024) The Endogenous Money Hypothesis: An Empirical Evidence from T\u00fcrkiye 2008-2020, <em><strong>PSL Quarterly Review<\/strong><\/em>, <strong><a href=\"https:\/\/www.tandfonline.com\/doi\/full\/10.1080\/09538259.2023.2196938\" data-type=\"URL\" data-id=\"https:\/\/www.tandfonline.com\/doi\/full\/10.1080\/09538259.2023.2196938\" target=\"_blank\" rel=\"noreferrer noopener\"><strong><mark style=\"background-color:rgba(0, 0, 0, 0)\" class=\"has-inline-color has-vivid-red-color\">(<\/mark><\/strong><\/a><strong><a href=\"https:\/\/rosa.uniroma1.it\/rosa04\/psl_quarterly_review\/article\/view\/18011\/17140\" data-type=\"URL\" data-id=\"https:\/\/www.tandfonline.com\/doi\/full\/10.1080\/08935696.2023.2241369?src=\" target=\"_blank\" rel=\"noreferrer noopener\"><mark style=\"background-color:rgba(0, 0, 0, 0)\" class=\"has-inline-color has-vivid-red-color\">Link<\/mark><\/a><a href=\"https:\/\/www.tandfonline.com\/doi\/full\/10.1080\/08935696.2023.2241369?src=\" data-type=\"URL\" data-id=\"https:\/\/www.tandfonline.com\/doi\/full\/10.1080\/08935696.2023.2241369?src=\"><mark style=\"background-color:rgba(0, 0, 0, 0)\" class=\"has-inline-color has-vivid-red-color\">)<\/mark><\/a><\/strong><\/strong><\/p>\n\n\n\n<p>Ozden, O., &amp; Bolkol, H. K. (2023). Shaikh\u2019s Theory of Inflation: Empirical Evidence from European Countries (2001\u201320).&nbsp;<em><strong>Review of Political Economy<\/strong><\/em>, 1-21. <a href=\"https:\/\/www.tandfonline.com\/doi\/full\/10.1080\/09538259.2023.2196938\" data-type=\"URL\" data-id=\"https:\/\/www.tandfonline.com\/doi\/full\/10.1080\/09538259.2023.2196938\" target=\"_blank\" rel=\"noreferrer noopener\"><strong><mark style=\"background-color:rgba(0, 0, 0, 0);color:#e52020\" class=\"has-inline-color\">(Link)<\/mark><\/strong><\/a><\/p>\n\n\n\n<p>\u00d6zden, O. (2017). Discouraged workers in the Turkish Labor Market: 1988-2014.&nbsp;<em>International Journal of Social Sciences and Education Research<\/em>,&nbsp;<em>3<\/em>(3), 734-750. <strong><a href=\"https:\/\/dergipark.org.tr\/en\/download\/article-file\/269402\" data-type=\"URL\" data-id=\"https:\/\/dergipark.org.tr\/en\/download\/article-file\/269402\" target=\"_blank\" rel=\"noreferrer noopener\"><mark style=\"background-color:rgba(0, 0, 0, 0);color:#e52424\" class=\"has-inline-color\">(Link)<\/mark><\/a><\/strong><\/p>\n\n\n\n<div style=\"height:20px\" aria-hidden=\"true\" class=\"wp-block-spacer\"><\/div>\n\n\n\n<h3 class=\"wp-block-heading\"><em><strong>Book Chapters<\/strong><\/em><\/h3>\n\n\n\n<div style=\"height:20px\" aria-hidden=\"true\" class=\"wp-block-spacer\"><\/div>\n\n\n\n<p>Ozden, O. (2025). Heterodox Theories of Inflation. In <em><strong>The Routledge Handbook of Heterodox Economics<\/strong> <strong>Volume 2: Dynamics and Alternatives<\/strong><\/em>. Routledge. <a href=\"https:\/\/www.tandfonline.com\/doi\/full\/10.1080\/09538259.2023.2196938\" data-type=\"URL\" data-id=\"https:\/\/www.tandfonline.com\/doi\/full\/10.1080\/09538259.2023.2196938\" target=\"_blank\" rel=\"noreferrer noopener\"><strong><mark style=\"background-color:rgba(0, 0, 0, 0)\" class=\"has-inline-color has-vivid-red-color\">(<\/mark><\/strong><\/a><strong><a href=\"https:\/\/www.routledge.com\/The-Routledge-Handbook-of-Heterodox-Economics-Volume-2-Dynamics-and-Alternatives\/Jo-Chester-DIppoliti\/p\/book\/9781041169277\" data-type=\"URL\" data-id=\"https:\/\/www.tandfonline.com\/doi\/full\/10.1080\/08935696.2023.2241369?src=\" target=\"_blank\" rel=\"noreferrer noopener\"><mark style=\"background-color:rgba(0, 0, 0, 0)\" class=\"has-inline-color has-vivid-red-color\">Link<\/mark><\/a><a href=\"https:\/\/www.tandfonline.com\/doi\/full\/10.1080\/08935696.2023.2241369?src=\" data-type=\"URL\" data-id=\"https:\/\/www.tandfonline.com\/doi\/full\/10.1080\/08935696.2023.2241369?src=\"><mark style=\"background-color:rgba(0, 0, 0, 0)\" class=\"has-inline-color has-vivid-red-color\">)<\/mark><\/a><\/strong><\/p>\n\n\n\n<div style=\"height:20px\" aria-hidden=\"true\" class=\"wp-block-spacer\"><\/div>\n\n\n\n<h3 class=\"wp-block-heading\"><em><strong>Working Papers<\/strong><\/em><\/h3>\n\n\n\n<div style=\"height:20px\" aria-hidden=\"true\" class=\"wp-block-spacer\"><\/div>\n\n\n\n<p class=\"has-black-color has-text-color has-link-color wp-elements-77d19dafa40bf14ecccba8d2f085bee6\">\u00d6zden, O., &amp; Yeldan, A. E. (2026).\u00a0<em>Understanding the Effectiveness of Incomes Policy in a Two-Household SFC Model of the UK<\/em>\u00a0(No. PKWP2606). <strong>Post Keynesian Economics Society<\/strong> <strong><a href=\"https:\/\/www.postkeynesian.net\/working-papers\/2519\" data-type=\"URL\" data-id=\"https:\/\/dergipark.org.tr\/en\/download\/article-file\/269402\" target=\"_blank\" rel=\"noreferrer noopener\"><mark style=\"background-color:rgba(0, 0, 0, 0);color:#e52424\" class=\"has-inline-color\">(<\/mark><\/a><strong><a href=\"https:\/\/www.postkeynesian.net\/working-papers\/2606\/\" data-type=\"URL\" data-id=\"https:\/\/dergipark.org.tr\/en\/download\/article-file\/269402\" target=\"_blank\" rel=\"noreferrer noopener\"><mark style=\"background-color:rgba(0, 0, 0, 0)\" class=\"has-inline-color has-vivid-red-color\">Link<\/mark><\/a><\/strong><a href=\"https:\/\/www.postkeynesian.net\/working-papers\/2519\" data-type=\"URL\" data-id=\"https:\/\/dergipark.org.tr\/en\/download\/article-file\/269402\" target=\"_blank\" rel=\"noreferrer noopener\"><mark style=\"background-color:rgba(0, 0, 0, 0);color:#e52424\" class=\"has-inline-color\">)<\/mark><\/a><\/strong>.<\/p>\n\n\n\n<p>\u00d6zden, O., &amp; Yeldan, A. E. (2025).\u00a0<em>A Two-Household Stock-Flow Consistent Model of the UK Economy: Post-COVID Inflation and Incomes Policy<\/em>\u00a0(No. PKWP 2519). <strong>Post Keynesian Economics Society<\/strong> <strong><a href=\"https:\/\/www.postkeynesian.net\/working-papers\/2519\" data-type=\"URL\" data-id=\"https:\/\/dergipark.org.tr\/en\/download\/article-file\/269402\" target=\"_blank\" rel=\"noreferrer noopener\"><mark style=\"background-color:rgba(0, 0, 0, 0);color:#e52424\" class=\"has-inline-color\">(Link)<\/mark><\/a><\/strong>.<\/p>\n\n\n\n<div style=\"height:20px\" aria-hidden=\"true\" class=\"wp-block-spacer\"><\/div>\n\n\n\n<h3 class=\"wp-block-heading\"><strong><em>Book Reviews<\/em><\/strong><\/h3>\n\n\n\n<div style=\"height:20px\" aria-hidden=\"true\" class=\"wp-block-spacer\"><\/div>\n\n\n\n<p>\u00d6zden, O. (2023). T\u00fcrkiye ekonomisinin yap\u0131s\u0131, by \u00d6zg\u00fcr Orhangazi (Istanbul: \u0130mge Kitapevi, 2020)&nbsp;<em><strong>Rethinking Marxism<\/strong>,&nbsp;<\/em>2021, Book Review, <a href=\"https:\/\/www.tandfonline.com\/doi\/full\/10.1080\/09538259.2023.2196938\" data-type=\"URL\" data-id=\"https:\/\/www.tandfonline.com\/doi\/full\/10.1080\/09538259.2023.2196938\" target=\"_blank\" rel=\"noreferrer noopener\"><strong><mark style=\"background-color:rgba(0, 0, 0, 0)\" class=\"has-inline-color has-vivid-red-color\">(<\/mark><\/strong><\/a><strong><a href=\"https:\/\/www.tandfonline.com\/doi\/full\/10.1080\/08935696.2023.2241369?src=\" data-type=\"URL\" data-id=\"https:\/\/www.tandfonline.com\/doi\/full\/10.1080\/08935696.2023.2241369?src=\" target=\"_blank\" rel=\"noreferrer noopener\"><mark style=\"background-color:rgba(0, 0, 0, 0)\" class=\"has-inline-color has-vivid-red-color\">Link<\/mark><\/a><a href=\"https:\/\/www.tandfonline.com\/doi\/full\/10.1080\/08935696.2023.2241369?src=\" data-type=\"URL\" data-id=\"https:\/\/www.tandfonline.com\/doi\/full\/10.1080\/08935696.2023.2241369?src=\"><mark style=\"background-color:rgba(0, 0, 0, 0)\" class=\"has-inline-color has-vivid-red-color\">)<\/mark><\/a><\/strong><\/p>\n\n\n\n<p class=\"has-black-color has-text-color has-link-color wp-elements-c95ec976fa48a820564dcd28271c70e7\">\u00d6zden, O. (2023). Dong Wang and Dejun Cao, Re-Globalisation: When China Meets the World Again (Routledge, London, UK 2020, ISBN 978-1-0031-2693-5) 168 pp. <em><strong>Review of Keynesian Economics<\/strong><\/em>, <strong><a href=\"https:\/\/www.elgaronline.com\/view\/journals\/roke\/11\/4\/article-p585.xml\" data-type=\"URL\" data-id=\"https:\/\/www.elgaronline.com\/view\/journals\/roke\/11\/4\/article-p585.xml\" target=\"_blank\" rel=\"noreferrer noopener\"><mark style=\"background-color:rgba(0, 0, 0, 0)\" class=\"has-inline-color has-vivid-red-color\">(Link)<\/mark><\/a><\/strong><\/p>\n\n\n\n<p>\u00d6zden, O. (2022). The Climate Crisis and the Global Green New Deal: The Political Economy of Saving the Planet,&nbsp;<em>Trakya \u00dcniversitesi \u0130ktisadi ve \u0130dari Bilimler Fak\u00fcltesi E-Dergi<\/em>, 2022, Book Review,&nbsp;<strong><a href=\"https:\/\/dergipark.org.tr\/en\/download\/article-file\/2361220\" data-type=\"URL\" data-id=\"https:\/\/dergipark.org.tr\/en\/download\/article-file\/2361220\" target=\"_blank\" rel=\"noreferrer noopener\"><mark style=\"background-color:rgba(0, 0, 0, 0);color:#e91616\" class=\"has-inline-color\">(Link)<\/mark><\/a><\/strong><\/p>\n\n\n\n<div style=\"height:20px\" aria-hidden=\"true\" class=\"wp-block-spacer\"><\/div>\n\n\n\n<h3 class=\"wp-block-heading\"><strong><em>Work in progress<\/em><\/strong><\/h3>\n\n\n\n<div style=\"height:20px\" aria-hidden=\"true\" class=\"wp-block-spacer\"><\/div>\n\n\n\n<p>Asymmetric Pass-Through and Profit Inflation in Turkey (with Prof. Ege Yazgan)<\/p>\n\n\n\n<p><em>A Two-Household Stock-Flow Consistent Model of the UK Economy: Post-COVID Inflation and Incomes Policy<\/em> <\/p>\n\n\n\n<p><em><em>Understanding the Effectiveness of Incomes Policy in a Two-Household SFC Model of the UK<\/em>\u00a0<\/em><\/p>\n\n\n\n<p><em>Recent Developments in Stock-Flow Consistent Modeling<\/em> (with Assoc. Prof. Mikael R. Byrialsen)<\/p>\n\n\n\n<p><em>Modification of Post-Keynesian Wage Determination: Empirical Evidence from T\u00fcrkiye<\/em><\/p>\n\n\n\n<div style=\"height:20px\" aria-hidden=\"true\" class=\"wp-block-spacer\"><\/div>\n\n\n\n<h3 class=\"wp-block-heading\"><strong><em>Ongoing Project<\/em><\/strong><\/h3>\n\n\n\n<div style=\"height:20px\" aria-hidden=\"true\" class=\"wp-block-spacer\"><\/div>\n\n\n\n<p>Project Researcher, project <em>\u201cAn Empirical Stock-Flow Consistent Model of T\u00fcrkiye\u201d<\/em> (with Prof. Dr. \u00d6zg\u00fcr Orhangazi)<\/p>\n\n\n\n<div style=\"height:20px\" aria-hidden=\"true\" class=\"wp-block-spacer\"><\/div>\n\n\n\n<h3 class=\"wp-block-heading\"><strong><em>Dissertations<\/em><\/strong><\/h3>\n\n\n\n<div style=\"height:20px\" aria-hidden=\"true\" class=\"wp-block-spacer\"><\/div>\n\n\n\n<p><strong>PhD Thesis<\/strong>: Inequality, post-COVID Inflation and Incomes Policy in a Two Household SFC Model for the UK Economy.  <strong><a href=\"https:\/\/www.researchgate.net\/publication\/393803120_Inequality_Post-COVID_Inflation_and_Incomes_Policy_in_a_Two_Household_SFC_Model_for_the_UK_Economy#fullTextFileContent\" data-type=\"URL\" data-id=\"https:\/\/www.researchgate.net\/publication\/335924986_ProductionProfit_and_Money_Classical_Theory_of_Inflation_and_Its_Application_to_European_Countries\" target=\"_blank\" rel=\"noreferrer noopener\"><mark style=\"background-color:rgba(0, 0, 0, 0);color:#ea2121\" class=\"has-inline-color\">(Link)<\/mark><\/a><\/strong><\/p>\n\n\n\n<p><strong>Master Thesis<\/strong>: Production, profit and money: Classical theory of inflation and its application to European countries <strong><a href=\"https:\/\/www.researchgate.net\/publication\/335924986_ProductionProfit_and_Money_Classical_Theory_of_Inflation_and_Its_Application_to_European_Countries#fullTextFileContent\" data-type=\"URL\" data-id=\"https:\/\/www.researchgate.net\/publication\/335924986_ProductionProfit_and_Money_Classical_Theory_of_Inflation_and_Its_Application_to_European_Countries\" target=\"_blank\" rel=\"noreferrer noopener\"><mark style=\"background-color:rgba(0, 0, 0, 0);color:#ea2121\" class=\"has-inline-color\">(Link)<\/mark><\/a><\/strong><\/p>\n\n\n\n<p><strong><em>Research Areas:<\/em><\/strong> SFC modeling and Heterodox theories of money, inflation, and distribution.<\/p>\n\n\n\n<div style=\"height:20px\" aria-hidden=\"true\" class=\"wp-block-spacer\"><\/div>\n","protected":false},"excerpt":{"rendered":"<p>Articles \u00d6zden, O. Bolkol, H.K., Demirel, B. (2024) The Endogenous Money Hypothesis: An Empirical Evidence from T\u00fcrkiye 2008-2020, PSL Quarterly Review, (Link) Ozden, O., &amp; Bolkol, H. K. (2023)..<\/p>\n","protected":false},"author":1,"featured_media":0,"parent":0,"menu_order":0,"comment_status":"closed","ping_status":"closed","template":"","meta":{"footnotes":""},"class_list":["post-188","page","type-page","status-publish","hentry"],"_links":{"self":[{"href":"https:\/\/oktayozden.com\/index.php?rest_route=\/wp\/v2\/pages\/188","targetHints":{"allow":["GET"]}}],"collection":[{"href":"https:\/\/oktayozden.com\/index.php?rest_route=\/wp\/v2\/pages"}],"about":[{"href":"https:\/\/oktayozden.com\/index.php?rest_route=\/wp\/v2\/types\/page"}],"author":[{"embeddable":true,"href":"https:\/\/oktayozden.com\/index.php?rest_route=\/wp\/v2\/users\/1"}],"replies":[{"embeddable":true,"href":"https:\/\/oktayozden.com\/index.php?rest_route=%2Fwp%2Fv2%2Fcomments&post=188"}],"version-history":[{"count":65,"href":"https:\/\/oktayozden.com\/index.php?rest_route=\/wp\/v2\/pages\/188\/revisions"}],"predecessor-version":[{"id":900,"href":"https:\/\/oktayozden.com\/index.php?rest_route=\/wp\/v2\/pages\/188\/revisions\/900"}],"wp:attachment":[{"href":"https:\/\/oktayozden.com\/index.php?rest_route=%2Fwp%2Fv2%2Fmedia&parent=188"}],"curies":[{"name":"wp","href":"https:\/\/api.w.org\/{rel}","templated":true}]}}