{"id":809,"date":"2025-10-18T15:28:25","date_gmt":"2025-10-18T12:28:25","guid":{"rendered":"https:\/\/oktayozden.com\/?page_id=809"},"modified":"2026-02-26T17:44:34","modified_gmt":"2026-02-26T14:44:34","slug":"montly-coffee-selection","status":"publish","type":"page","link":"https:\/\/oktayozden.com\/?page_id=809","title":{"rendered":"Post-Keynesian Economics"},"content":{"rendered":"\n<p>In this page, you can reach my online lectures and theoretical videos based on post-Keynesian framework.<\/p>\n\n\n\n<div aria-hidden=\"true\" class=\"wp-block-fsb-flexible-spacer fsb-flexible-spacer\"><div class=\"fsb-flexible-spacer__device fsb-flexible-spacer__device--lg\" style=\"height:20px\"><\/div><div class=\"fsb-flexible-spacer__device fsb-flexible-spacer__device--md\" style=\"height:20px\"><\/div><div class=\"fsb-flexible-spacer__device fsb-flexible-spacer__device--sm\" style=\"height:0px\"><\/div><\/div>\n\n\n\n<h2 class=\"wp-block-heading\"><strong>OMNIBUS \/ Emrah Safa G\u00fcrkan<\/strong><\/h2>\n\n\n\n<div class=\"wp-block-media-text is-stacked-on-mobile\" style=\"grid-template-columns:40% auto\"><figure class=\"wp-block-media-text__media\"><a href=\"https:\/\/www.youtube.com\/watch?v=SWgOva4F4ZI\"><img loading=\"lazy\" decoding=\"async\" width=\"637\" height=\"357\" src=\"https:\/\/oktayozden.com\/wp-content\/uploads\/2026\/02\/image_2026-02-11_161545070.png\" alt=\"\" class=\"wp-image-875 size-full\" srcset=\"https:\/\/oktayozden.com\/wp-content\/uploads\/2026\/02\/image_2026-02-11_161545070.png 637w, https:\/\/oktayozden.com\/wp-content\/uploads\/2026\/02\/image_2026-02-11_161545070-300x168.png 300w\" sizes=\"auto, (max-width: 637px) 100vw, 637px\" \/><\/a><\/figure><div class=\"wp-block-media-text__content\">\n<p>Enflasyon Meselesi<\/p>\n<\/div><\/div>\n\n\n\n<div aria-hidden=\"true\" class=\"wp-block-fsb-flexible-spacer fsb-flexible-spacer\"><div class=\"fsb-flexible-spacer__device fsb-flexible-spacer__device--lg\" style=\"height:30px\"><\/div><div class=\"fsb-flexible-spacer__device fsb-flexible-spacer__device--md\" style=\"height:30px\"><\/div><div class=\"fsb-flexible-spacer__device fsb-flexible-spacer__device--sm\" style=\"height:30px\"><\/div><\/div>\n\n\n\n<div class=\"wp-block-media-text is-stacked-on-mobile\" style=\"grid-template-columns:40% auto\"><figure class=\"wp-block-media-text__media\"><a href=\"https:\/\/www.youtube.com\/watch?v=ZU1l2LiWJco&amp;t=389s\"><img loading=\"lazy\" decoding=\"async\" width=\"1024\" height=\"577\" src=\"https:\/\/oktayozden.com\/wp-content\/uploads\/2026\/02\/WhatsApp-Image-2026-02-17-at-5.47.37-PM-1024x577.jpeg\" alt=\"\" class=\"wp-image-880 size-full\" srcset=\"https:\/\/oktayozden.com\/wp-content\/uploads\/2026\/02\/WhatsApp-Image-2026-02-17-at-5.47.37-PM-1024x577.jpeg 1024w, https:\/\/oktayozden.com\/wp-content\/uploads\/2026\/02\/WhatsApp-Image-2026-02-17-at-5.47.37-PM-300x169.jpeg 300w, https:\/\/oktayozden.com\/wp-content\/uploads\/2026\/02\/WhatsApp-Image-2026-02-17-at-5.47.37-PM-768x432.jpeg 768w, https:\/\/oktayozden.com\/wp-content\/uploads\/2026\/02\/WhatsApp-Image-2026-02-17-at-5.47.37-PM.jpeg 1103w\" sizes=\"auto, (max-width: 1024px) 100vw, 1024px\" \/><\/a><\/figure><div class=\"wp-block-media-text__content\">\n<p>Heterodox Ekonomi<\/p>\n<\/div><\/div>\n\n\n\n<div aria-hidden=\"true\" class=\"wp-block-fsb-flexible-spacer fsb-flexible-spacer\"><div class=\"fsb-flexible-spacer__device fsb-flexible-spacer__device--lg\" style=\"height:20px\"><\/div><div class=\"fsb-flexible-spacer__device fsb-flexible-spacer__device--md\" style=\"height:20px\"><\/div><div class=\"fsb-flexible-spacer__device fsb-flexible-spacer__device--sm\" style=\"height:0px\"><\/div><\/div>\n\n\n\n<h2 class=\"wp-block-heading\"><strong>Post-Keynesyen \u0130ktisat Videolar\u0131 &#8211; Kay\u0131t D\u0131\u015f\u0131 \u0130ktisat Kanal\u0131<\/strong><\/h2>\n\n\n\n<p><a href=\"https:\/\/www.youtube.com\/watch?v=6mUWoCPs_jA&amp;list=PLTJk1PYhRc5rydhOuUpYwe1D5GCjrxY7n&amp;index=1\" target=\"_blank\" rel=\"noreferrer noopener\">Post-Keynesyen \u0130ktisata Giri\u015f<\/a><\/p>\n\n\n\n<p><a href=\"http:\/\/www.youtube.com\/watch?time_continue=36&amp;v=s8z0UYFR4Os&amp;embeds_referring_euri=https%3A%2F%2Fx.com%2F&amp;source_ve_path=Mjg2NjY\" target=\"_blank\" rel=\"noreferrer noopener\">Post-Keynesyen \u0130ktisat\u0131n Felsefi Temelleri<\/a><\/p>\n\n\n\n<p><a href=\"https:\/\/www.youtube.com\/watch?time_continue=26&amp;v=Y2f3_brx_C0&amp;embeds_referring_euri=https%3A%2F%2Fx.com%2F&amp;source_ve_path=Mjg2NjY\" target=\"_blank\" rel=\"noreferrer noopener\">Post-Keynesyen \u0130ktisat\u0131n \u0130lkeleri 1<\/a><\/p>\n\n\n\n<p><a href=\"http:\/\/www.youtube.com\/watch?time_continue=10&amp;v=RCAyMn8-lLg&amp;embeds_referring_euri=https%3A%2F%2Fx.com%2F&amp;source_ve_path=Mjg2NjY\" target=\"_blank\" rel=\"noreferrer noopener\">Post-Keynesyen \u0130ktisat\u0131n \u0130lkeleri 2<\/a><\/p>\n\n\n\n<p><a href=\"https:\/\/www.youtube.com\/watch?time_continue=2&amp;v=Ie_KfZwoYc8&amp;embeds_referring_euri=https%3A%2F%2Fx.com%2F&amp;source_ve_path=Mjg2NjY\" target=\"_blank\" rel=\"noreferrer noopener\">Post-Keynesyen \u0130ktisat\u0131n Karar\/Se\u00e7im Teorisi<\/a><\/p>\n\n\n\n<p><a href=\"https:\/\/www.youtube.com\/watch?time_continue=6&amp;v=jz91iO-AkjM&amp;embeds_referring_euri=https%3A%2F%2Fx.com%2F&amp;source_ve_path=Mjg2NjY\" target=\"_blank\" rel=\"noreferrer noopener\">Post-Keynesyen \u0130ktisat\u0131n Firma Teorisi 1<\/a><\/p>\n\n\n\n<p><a href=\"https:\/\/www.youtube.com\/watch?v=vumdOSiy2lQ&amp;embeds_referring_euri=https%3A%2F%2Fx.com%2F&amp;source_ve_path=Mjg2NjY\" target=\"_blank\" rel=\"noreferrer noopener\">Post-Keynesyen \u0130ktisat\u0131n Firma Teorisi 2<\/a><\/p>\n\n\n\n<p><a href=\"https:\/\/www.youtube.com\/watch?v=NwdqoWXiMMY&amp;t=604s\" target=\"_blank\" rel=\"noreferrer noopener\">Post-Keynesyen \u0130ktisat\u0131n Firma Teorisi 3<\/a><\/p>\n\n\n\n<p><a href=\"https:\/\/www.youtube.com\/watch?time_continue=103&amp;v=aPWpuWUi4eU&amp;embeds_referring_euri=https%3A%2F%2Fx.com%2F&amp;source_ve_path=Mjg2NjY\" target=\"_blank\" rel=\"noreferrer noopener\">Post-Keynesyen \u0130ktisat\u0131n Firma Teorisi 4<\/a><\/p>\n\n\n\n<p><\/p>\n\n\n\n<p><\/p>\n","protected":false},"excerpt":{"rendered":"<p>In this page, you can reach my online lectures and theoretical videos based on post-Keynesian framework. OMNIBUS \/ Emrah Safa G\u00fcrkan Enflasyon Meselesi Heterodox Ekonomi Post-Keynesyen \u0130ktisat Videolar\u0131 &#8211;.<\/p>\n","protected":false},"author":1,"featured_media":0,"parent":0,"menu_order":0,"comment_status":"closed","ping_status":"closed","template":"","meta":{"footnotes":""},"class_list":["post-809","page","type-page","status-publish","hentry"],"_links":{"self":[{"href":"https:\/\/oktayozden.com\/index.php?rest_route=\/wp\/v2\/pages\/809","targetHints":{"allow":["GET"]}}],"collection":[{"href":"https:\/\/oktayozden.com\/index.php?rest_route=\/wp\/v2\/pages"}],"about":[{"href":"https:\/\/oktayozden.com\/index.php?rest_route=\/wp\/v2\/types\/page"}],"author":[{"embeddable":true,"href":"https:\/\/oktayozden.com\/index.php?rest_route=\/wp\/v2\/users\/1"}],"replies":[{"embeddable":true,"href":"https:\/\/oktayozden.com\/index.php?rest_route=%2Fwp%2Fv2%2Fcomments&post=809"}],"version-history":[{"count":49,"href":"https:\/\/oktayozden.com\/index.php?rest_route=\/wp\/v2\/pages\/809\/revisions"}],"predecessor-version":[{"id":884,"href":"https:\/\/oktayozden.com\/index.php?rest_route=\/wp\/v2\/pages\/809\/revisions\/884"}],"wp:attachment":[{"href":"https:\/\/oktayozden.com\/index.php?rest_route=%2Fwp%2Fv2%2Fmedia&parent=809"}],"curies":[{"name":"wp","href":"https:\/\/api.w.org\/{rel}","templated":true}]}}